{"id":248,"date":"2020-08-13T15:28:42","date_gmt":"2020-08-13T15:28:42","guid":{"rendered":"https:\/\/agrosaturno.cl\/?page_id=248"},"modified":"2020-09-01T20:37:01","modified_gmt":"2020-09-01T20:37:01","slug":"productos-frutas","status":"publish","type":"page","link":"https:\/\/agrosaturno.cl\/en\/productos-frutas\/","title":{"rendered":"Fruits"},"content":{"rendered":"<p>[et_pb_section fb_built=&#8221;1&#8243; fullwidth=&#8221;on&#8221; _builder_version=&#8221;4.5.6&#8243; _module_preset=&#8221;default&#8221;][et_pb_fullwidth_image src=&#8221;https:\/\/agrosaturno.cl\/wp-content\/uploads\/2020\/08\/fondo-frutas.png&#8221; title_text=&#8221;fondo-frutas&#8221; _builder_version=&#8221;4.5.6&#8243; _module_preset=&#8221;default&#8221; z_index=&#8221;57&#8243; custom_margin=&#8221;||-24px|||&#8221; custom_padding=&#8221;||0px|||&#8221; hover_enabled=&#8221;0&#8243;][\/et_pb_fullwidth_image][\/et_pb_section][et_pb_section fb_built=&#8221;1&#8243; _builder_version=&#8221;4.5.6&#8243; _module_preset=&#8221;default&#8221; background_enable_image=&#8221;off&#8221; background_position=&#8221;top_right&#8221; custom_margin=&#8221;||||false|false&#8221; custom_padding=&#8221;0px||95px|||&#8221; background_last_edited=&#8221;on|phone&#8221; background_size_phone=&#8221;contain&#8221; background_position_phone=&#8221;top_right&#8221;][et_pb_row use_custom_gutter=&#8221;on&#8221; gutter_width=&#8221;2&#8243; _builder_version=&#8221;4.5.6&#8243; _module_preset=&#8221;default&#8221; max_width=&#8221;1555px&#8221;][et_pb_column type=&#8221;4_4&#8243; _builder_version=&#8221;4.5.6&#8243; _module_preset=&#8221;default&#8221;][et_pb_text _builder_version=&#8221;4.5.6&#8243; _module_preset=&#8221;default&#8221; text_font=&#8221;cream-cake||||||||&#8221; text_text_color=&#8221;#293f35&#8243; text_font_size=&#8221;45px&#8221; header_font_size=&#8221;61px&#8221; width=&#8221;80.2%&#8221; custom_margin=&#8221;||3px|10%|false|false&#8221;]<\/p>\n<h1><img loading=\"lazy\" decoding=\"async\" src=\"https:\/\/agrosaturno.cl\/wp-content\/uploads\/2020\/08\/punto-amarillo2.png\" width=\"18\" height=\"18\" alt=\"\" class=\"wp-image-60 alignnone size-full\" \/>\u00a0Fruta Fresca<\/h1>\n<p>[\/et_pb_text][et_pb_text _builder_version=&#8221;4.5.6&#8243; _module_preset=&#8221;default&#8221; text_font=&#8221;barlow_regular||||||||&#8221; text_text_color=&#8221;#606060&#8243; text_font_size=&#8221;17px&#8221; text_line_height=&#8221;1.3em&#8221; header_font=&#8221;barlow_mediumitalic||||||||&#8221; header_font_size=&#8221;18px&#8221; header_3_font=&#8221;barlow_mediumitalic||||||||&#8221; header_3_text_color=&#8221;#293f35&#8243; header_3_font_size=&#8221;17px&#8221; header_3_line_height=&#8221;1.2em&#8221; width=&#8221;80.9%&#8221; width_tablet=&#8221;&#8221; width_phone=&#8221;80%&#8221; width_last_edited=&#8221;on|phone&#8221; custom_margin=&#8221;|||10%|false|false&#8221; module_alignment_last_edited=&#8221;off|phone&#8221;]<\/p>\n<p>El trabajo y el cuidado permanente de nuestros campos, garantizan d\u00eda a d\u00eda la alta calidad de sus cosechas, logrando que sus sabores sean de excepci\u00f3n.<\/p>\n<p>[\/et_pb_text][et_pb_divider color=&#8221;#ffb43b&#8221; divider_style=&#8221;dotted&#8221; divider_weight=&#8221;6px&#8221; _builder_version=&#8221;4.5.6&#8243; _module_preset=&#8221;default&#8221; width=&#8221;100%&#8221; max_width=&#8221;100%&#8221; custom_margin=&#8221;||0px|||&#8221;][\/et_pb_divider][\/et_pb_column][\/et_pb_row][et_pb_row column_structure=&#8221;1_3,1_3,1_3&#8243; use_custom_gutter=&#8221;on&#8221; gutter_width=&#8221;2&#8243; _builder_version=&#8221;4.5.6&#8243; _module_preset=&#8221;default&#8221; max_width=&#8221;1512px&#8221; custom_margin=&#8221;-3px|auto||auto||&#8221; custom_padding=&#8221;1px||28px|||&#8221;][et_pb_column type=&#8221;1_3&#8243; _builder_version=&#8221;4.5.6&#8243; _module_preset=&#8221;default&#8221;][et_pb_image src=&#8221;https:\/\/agrosaturno.cl\/wp-content\/uploads\/2020\/08\/limones.jpg&#8221; title_text=&#8221;limones&#8221; url=&#8221;https:\/\/agrosaturno.cl\/wp-content\/uploads\/2020\/08\/Limones_page-0001.jpg&#8221; url_new_window=&#8221;on&#8221; align_tablet=&#8221;&#8221; align_phone=&#8221;center&#8221; align_last_edited=&#8221;on|phone&#8221; _builder_version=&#8221;4.5.6&#8243; _module_preset=&#8221;default&#8221; width=&#8221;90%&#8221; width_tablet=&#8221;&#8221; width_phone=&#8221;80%&#8221; width_last_edited=&#8221;on|phone&#8221; module_alignment=&#8221;center&#8221; custom_padding=&#8221;|2%||2%|false|false&#8221;][\/et_pb_image][\/et_pb_column][et_pb_column type=&#8221;1_3&#8243; _builder_version=&#8221;4.5.6&#8243; _module_preset=&#8221;default&#8221;][et_pb_image src=&#8221;https:\/\/agrosaturno.cl\/wp-content\/uploads\/2020\/08\/chirimoyas.jpg&#8221; title_text=&#8221;chirimoyas&#8221; url=&#8221;https:\/\/agrosaturno.cl\/wp-content\/uploads\/2020\/08\/Ficha-Chirimoyas.jpg&#8221; url_new_window=&#8221;on&#8221; align_tablet=&#8221;&#8221; align_phone=&#8221;center&#8221; align_last_edited=&#8221;on|phone&#8221; _builder_version=&#8221;4.5.6&#8243; _module_preset=&#8221;default&#8221; width=&#8221;90%&#8221; width_tablet=&#8221;&#8221; width_phone=&#8221;80%&#8221; width_last_edited=&#8221;on|phone&#8221; module_alignment=&#8221;center&#8221; custom_padding=&#8221;|2%||2%|false|false&#8221;][\/et_pb_image][\/et_pb_column][et_pb_column type=&#8221;1_3&#8243; _builder_version=&#8221;4.5.6&#8243; _module_preset=&#8221;default&#8221;][et_pb_image src=&#8221;https:\/\/agrosaturno.cl\/wp-content\/uploads\/2020\/08\/mandarinas.jpg&#8221; title_text=&#8221;mandarinas&#8221; url=&#8221;https:\/\/agrosaturno.cl\/wp-content\/uploads\/2020\/08\/mandarinas_page-0001.jpg&#8221; url_new_window=&#8221;on&#8221; align_tablet=&#8221;&#8221; align_phone=&#8221;center&#8221; align_last_edited=&#8221;on|phone&#8221; _builder_version=&#8221;4.5.6&#8243; _module_preset=&#8221;default&#8221; width=&#8221;90%&#8221; width_tablet=&#8221;&#8221; width_phone=&#8221;80%&#8221; width_last_edited=&#8221;on|phone&#8221; module_alignment=&#8221;center&#8221; custom_padding=&#8221;|2%||2%|false|false&#8221;][\/et_pb_image][\/et_pb_column][\/et_pb_row][et_pb_row column_structure=&#8221;1_3,1_3,1_3&#8243; use_custom_gutter=&#8221;on&#8221; gutter_width=&#8221;2&#8243; _builder_version=&#8221;4.5.6&#8243; _module_preset=&#8221;default&#8221; max_width=&#8221;1512px&#8221; min_height=&#8221;473px&#8221; custom_margin=&#8221;-3px|auto||auto||&#8221; custom_padding=&#8221;29px||0px|||&#8221;][et_pb_column type=&#8221;1_3&#8243; _builder_version=&#8221;4.5.6&#8243; _module_preset=&#8221;default&#8221;][et_pb_image src=&#8221;https:\/\/agrosaturno.cl\/wp-content\/uploads\/2020\/08\/papayas.jpg&#8221; title_text=&#8221;papayas&#8221; url=&#8221;https:\/\/agrosaturno.cl\/wp-content\/uploads\/2020\/08\/Ficha-Papayas.jpg&#8221; url_new_window=&#8221;on&#8221; align_tablet=&#8221;&#8221; align_phone=&#8221;center&#8221; align_last_edited=&#8221;on|phone&#8221; _builder_version=&#8221;4.5.6&#8243; _module_preset=&#8221;default&#8221; width=&#8221;90%&#8221; width_tablet=&#8221;&#8221; width_phone=&#8221;80%&#8221; width_last_edited=&#8221;on|phone&#8221; module_alignment=&#8221;center&#8221; custom_padding=&#8221;|2%||2%|false|false&#8221; locked=&#8221;off&#8221;][\/et_pb_image][\/et_pb_column][et_pb_column type=&#8221;1_3&#8243; _builder_version=&#8221;4.5.6&#8243; _module_preset=&#8221;default&#8221;][et_pb_image src=&#8221;https:\/\/agrosaturno.cl\/wp-content\/uploads\/2020\/08\/clementinas.png&#8221; title_text=&#8221;clementinas&#8221; url=&#8221;https:\/\/agrosaturno.cl\/wp-content\/uploads\/2020\/08\/clementinas_page-0001.jpg&#8221; url_new_window=&#8221;on&#8221; align_tablet=&#8221;&#8221; align_phone=&#8221;center&#8221; align_last_edited=&#8221;on|phone&#8221; _builder_version=&#8221;4.5.6&#8243; _module_preset=&#8221;default&#8221; width=&#8221;90%&#8221; width_tablet=&#8221;&#8221; width_phone=&#8221;80%&#8221; width_last_edited=&#8221;on|phone&#8221; module_alignment=&#8221;center&#8221; custom_padding=&#8221;|2%||2%|false|false&#8221;][\/et_pb_image][\/et_pb_column][et_pb_column type=&#8221;1_3&#8243; _builder_version=&#8221;4.5.6&#8243; _module_preset=&#8221;default&#8221;][et_pb_image src=&#8221;https:\/\/agrosaturno.cl\/wp-content\/uploads\/2020\/08\/naranjas-1.png&#8221; title_text=&#8221;naranjas&#8221; url=&#8221;https:\/\/agrosaturno.cl\/wp-content\/uploads\/2020\/08\/naranjas_page-0001.jpg&#8221; url_new_window=&#8221;on&#8221; align_tablet=&#8221;&#8221; align_phone=&#8221;center&#8221; align_last_edited=&#8221;on|phone&#8221; _builder_version=&#8221;4.5.6&#8243; _module_preset=&#8221;default&#8221; width=&#8221;90%&#8221; width_tablet=&#8221;&#8221; width_phone=&#8221;80%&#8221; width_last_edited=&#8221;on|phone&#8221; module_alignment=&#8221;center&#8221; custom_padding=&#8221;|2%||2%|false|false&#8221;][\/et_pb_image][\/et_pb_column][\/et_pb_row][\/et_pb_section][et_pb_section fb_built=&#8221;1&#8243; _builder_version=&#8221;4.5.6&#8243; _module_preset=&#8221;default&#8221; background_color=&#8221;#293f35&#8243; custom_padding=&#8221;4px||0px|||&#8221; global_module=&#8221;206&#8243; saved_tabs=&#8221;all&#8221;][et_pb_row column_structure=&#8221;1_5,1_5,1_5,1_5,1_5&#8243; use_custom_gutter=&#8221;on&#8221; gutter_width=&#8221;1&#8243; _builder_version=&#8221;4.5.6&#8243; _module_preset=&#8221;default&#8221; width=&#8221;90%&#8221; max_width=&#8221;1379px&#8221; custom_padding=&#8221;35px||25px|||&#8221;][et_pb_column type=&#8221;1_5&#8243; _builder_version=&#8221;4.5.6&#8243; _module_preset=&#8221;default&#8221;][et_pb_image src=&#8221;https:\/\/agrosaturno.cl\/wp-content\/uploads\/2020\/08\/logo-blanco.png&#8221; title_text=&#8221;logo-blanco&#8221; align=&#8221;center&#8221; _builder_version=&#8221;4.5.6&#8243; _module_preset=&#8221;default&#8221; width=&#8221;95%&#8221; width_tablet=&#8221;&#8221; width_phone=&#8221;64%&#8221; width_last_edited=&#8221;on|phone&#8221;][\/et_pb_image][\/et_pb_column][et_pb_column type=&#8221;1_5&#8243; _builder_version=&#8221;4.5.6&#8243; _module_preset=&#8221;default&#8221;][et_pb_text _builder_version=&#8221;4.5.6&#8243; _module_preset=&#8221;default&#8221; text_font=&#8221;barlow_regular||||||||&#8221; text_text_color=&#8221;#ffffff&#8221; text_font_size=&#8221;15px&#8221; text_line_height=&#8221;1.1em&#8221; header_text_align=&#8221;left&#8221; header_3_font=&#8221;Barlow-BoldItalic||||||||&#8221; header_3_text_align=&#8221;left&#8221; header_3_text_color=&#8221;#ffffff&#8221; width=&#8221;84.5%&#8221; width_tablet=&#8221;&#8221; width_phone=&#8221;100%&#8221; width_last_edited=&#8221;on|phone&#8221; min_height=&#8221;115px&#8221; custom_margin=&#8221;|||10%|false|false&#8221; custom_margin_tablet=&#8221;&#8221; custom_margin_phone=&#8221;|||0%|false|false&#8221; custom_margin_last_edited=&#8221;on|phone&#8221; text_orientation_tablet=&#8221;&#8221; text_orientation_phone=&#8221;center&#8221; text_orientation_last_edited=&#8221;on|phone&#8221;]<\/p>\n<h3>Contacto<\/h3>\n<p><img loading=\"lazy\" decoding=\"async\" src=\"https:\/\/agrosaturno.cl\/wp-content\/uploads\/2020\/08\/icono2.png\" width=\"13\" height=\"11\" alt=\"\" class=\"wp-image-27 alignnone size-full\" \/>\u00a0 ventas@agrosaturno.cl<\/p>\n<p><img loading=\"lazy\" decoding=\"async\" src=\"https:\/\/agrosaturno.cl\/wp-content\/uploads\/2020\/08\/icono3.png\" width=\"12\" height=\"12\" alt=\"\" class=\"wp-image-28 alignnone size-full\" \/>\u00a0\u00a0+56 9 8500 1558<\/p>\n<p>[\/et_pb_text][\/et_pb_column][et_pb_column type=&#8221;1_5&#8243; _builder_version=&#8221;4.5.6&#8243; _module_preset=&#8221;default&#8221;][et_pb_text content_tablet=&#8221;&#8221; content_phone=&#8221;<\/p>\n<h3>Ubicaci\u00f3n<\/h3>\n<p><img src=%22https:\/\/agrosaturno.cl\/wp-content\/uploads\/2020\/08\/icono1.png%22 width=%2210%22 height=%2214%22 alt=%22%22 class=%22wp-image-26 alignnone size-full%22 \/> Ruta 41 &#8211; Km 18  Valle de Elqui,<br \/> La Serena &#8211; Chile<\/p>\n<p>&#8221; content_last_edited=&#8221;on|phone&#8221; _builder_version=&#8221;4.5.6&#8243; _module_preset=&#8221;default&#8221; text_font=&#8221;barlow_regular||||||||&#8221; text_text_color=&#8221;#ffffff&#8221; text_font_size=&#8221;15px&#8221; header_text_align=&#8221;left&#8221; header_3_font=&#8221;Barlow-BoldItalic||||||||&#8221; header_3_text_align=&#8221;center&#8221; header_3_text_color=&#8221;#ffffff&#8221; width=&#8221;62.7%&#8221; width_tablet=&#8221;&#8221; width_phone=&#8221;100%&#8221; width_last_edited=&#8221;on|phone&#8221; custom_margin=&#8221;|||20%|false|false&#8221; custom_margin_tablet=&#8221;&#8221; custom_margin_phone=&#8221;||14px|0%|false|false&#8221; custom_margin_last_edited=&#8221;on|phone&#8221; header_text_align_tablet=&#8221;&#8221; header_text_align_phone=&#8221;center&#8221; header_text_align_last_edited=&#8221;on|phone&#8221; text_orientation_tablet=&#8221;&#8221; text_orientation_phone=&#8221;center&#8221; text_orientation_last_edited=&#8221;on|phone&#8221; locked=&#8221;off&#8221;]<\/p>\n<h3 style=\"text-align: left;\">Ubicaci\u00f3n<\/h3>\n<p><img loading=\"lazy\" decoding=\"async\" src=\"https:\/\/agrosaturno.cl\/wp-content\/uploads\/2020\/08\/icono1.png\" width=\"10\" height=\"14\" alt=\"\" class=\"wp-image-26 alignnone size-full\" \/>\u00a0\u00a0Ruta 41 &#8211; Km 18\u00a0 Valle de Elqui,<br \/> La Serena &#8211; Chile<\/p>\n<p>[\/et_pb_text][\/et_pb_column][et_pb_column type=&#8221;1_5&#8243; _builder_version=&#8221;4.5.6&#8243; _module_preset=&#8221;default&#8221;][et_pb_text content_tablet=&#8221;&#8221; content_phone=&#8221;<\/p>\n<h3>Siguenos<\/h3>\n<p>&#8221; content_last_edited=&#8221;on|phone&#8221; _builder_version=&#8221;4.5.6&#8243; _module_preset=&#8221;default&#8221; text_font=&#8221;barlow_regular||||||||&#8221; text_text_color=&#8221;#ffffff&#8221; text_font_size=&#8221;15px&#8221; header_3_font=&#8221;Barlow-BoldItalic||||||||&#8221; header_3_text_align=&#8221;center&#8221; header_3_text_color=&#8221;#ffffff&#8221; width=&#8221;84.7%&#8221; width_tablet=&#8221;&#8221; width_phone=&#8221;100%&#8221; width_last_edited=&#8221;on|phone&#8221; custom_margin=&#8221;|||10%|false|false&#8221; custom_margin_tablet=&#8221;&#8221; custom_margin_phone=&#8221;|||0%|false|false&#8221; custom_margin_last_edited=&#8221;on|phone&#8221; text_orientation_tablet=&#8221;&#8221; text_orientation_phone=&#8221;center&#8221; text_orientation_last_edited=&#8221;on|phone&#8221; locked=&#8221;off&#8221;]<\/p>\n<h3 style=\"text-align: left;\">S\u00edguenos<\/h3>\n<p>[\/et_pb_text][et_pb_image src=&#8221;https:\/\/agrosaturno.cl\/wp-content\/uploads\/2020\/08\/instagram.png&#8221; title_text=&#8221;instagram&#8221; url=&#8221;https:\/\/www.instagram.com\/fundosaturno\/&#8221; align=&#8221;center&#8221; _builder_version=&#8221;4.5.6&#8243; _module_preset=&#8221;default&#8221; width=&#8221;13.7%&#8221; custom_margin=&#8221;|||10%|false|false&#8221; custom_margin_tablet=&#8221;&#8221; custom_margin_phone=&#8221;|||32%|false|false&#8221; custom_margin_last_edited=&#8221;on|phone&#8221; custom_css_main_element=&#8221;display: inline-block;&#8221;][\/et_pb_image][et_pb_image src=&#8221;https:\/\/agrosaturno.cl\/wp-content\/uploads\/2020\/08\/facebook.png&#8221; title_text=&#8221;facebook&#8221; url=&#8221;https:\/\/www.facebook.com\/Fundo-Saturno-103318151161440\/&#8221; _builder_version=&#8221;4.5.6&#8243; _module_preset=&#8221;default&#8221; width=&#8221;14.3%&#8221; custom_margin=&#8221;|||5%|false|false&#8221; custom_margin_tablet=&#8221;&#8221; custom_margin_phone=&#8221;|||5%|false|false&#8221; custom_margin_last_edited=&#8221;on|phone&#8221; custom_css_main_element=&#8221;display: inline-block;&#8221;][\/et_pb_image][\/et_pb_column][et_pb_column type=&#8221;1_5&#8243; _builder_version=&#8221;4.5.6&#8243; _module_preset=&#8221;default&#8221;][et_pb_text content_tablet=&#8221;&#8221; content_phone=&#8221;<\/p>\n<h3>Siguenos<\/h3>\n<p>&#8221; content_last_edited=&#8221;on|phone&#8221; _builder_version=&#8221;4.5.6&#8243; _module_preset=&#8221;default&#8221; text_font=&#8221;barlow_regular||||||||&#8221; text_text_color=&#8221;#ffffff&#8221; text_font_size=&#8221;15px&#8221; header_3_font=&#8221;Barlow-BoldItalic||||||||&#8221; header_3_text_align=&#8221;center&#8221; header_3_text_color=&#8221;#ffffff&#8221; width=&#8221;84.7%&#8221; width_tablet=&#8221;&#8221; width_phone=&#8221;100%&#8221; width_last_edited=&#8221;on|phone&#8221; custom_margin=&#8221;||8px|10%|false|false&#8221; custom_margin_tablet=&#8221;&#8221; custom_margin_phone=&#8221;|||0%|false|false&#8221; custom_margin_last_edited=&#8221;on|phone&#8221; text_orientation_tablet=&#8221;&#8221; text_orientation_phone=&#8221;center&#8221; text_orientation_last_edited=&#8221;on|phone&#8221; locked=&#8221;off&#8221;]<\/p>\n<h3 style=\"text-align: left;\">Instagram<\/h3>\n<p>[\/et_pb_text][et_pb_text _builder_version=&#8221;4.5.6&#8243; _module_preset=&#8221;default&#8221; text_font=&#8221;barlow-italic||||||||&#8221; text_text_color=&#8221;#ffffff&#8221; text_font_size=&#8221;20px&#8221; custom_margin=&#8221;-12px||20px||false|false&#8221; custom_padding=&#8221;||5px|||&#8221;]<\/p>\n<p><span style=\"color: #ffffff;\"><a href=\"http:\/\/www.instagram.com\/fundosaturno\" style=\"color: #ffffff;\">@fundosaturno<\/a><\/span><\/p>\n<p>[\/et_pb_text][et_pb_text _builder_version=&#8221;4.5.6&#8243; _module_preset=&#8221;default&#8221; text_font=&#8221;barlow-italic||||||||&#8221; text_text_color=&#8221;#ffffff&#8221; text_font_size=&#8221;20px&#8221; custom_margin=&#8221;-12px||||false|false&#8221;]<\/p>\n<p><span style=\"color: #ffffff;\"><a href=\"http:\/\/www.instagram.com\/citricos.saturno\" style=\"color: #ffffff;\">@citricos.saturno<\/a><\/span><\/p>\n<p>[\/et_pb_text][\/et_pb_column][\/et_pb_row][\/et_pb_section]<\/p>\n","protected":false},"excerpt":{"rendered":"<p>[et_pb_section fb_built=&#8221;1&#8243; fullwidth=&#8221;on&#8221; _builder_version=&#8221;4.5.6&#8243; _module_preset=&#8221;default&#8221;][et_pb_fullwidth_image src=&#8221;https:\/\/agrosaturno.cl\/wp-content\/uploads\/2020\/08\/fondo-frutas.png&#8221; title_text=&#8221;fondo-frutas&#8221; _builder_version=&#8221;4.5.6&#8243; _module_preset=&#8221;default&#8221; z_index=&#8221;57&#8243; custom_margin=&#8221;||-24px|||&#8221; custom_padding=&#8221;||0px|||&#8221; hover_enabled=&#8221;0&#8243;][\/et_pb_fullwidth_image][\/et_pb_section][et_pb_section fb_built=&#8221;1&#8243; _builder_version=&#8221;4.5.6&#8243; _module_preset=&#8221;default&#8221; background_enable_image=&#8221;off&#8221; background_position=&#8221;top_right&#8221; custom_margin=&#8221;||||false|false&#8221; custom_padding=&#8221;0px||95px|||&#8221; background_last_edited=&#8221;on|phone&#8221; background_size_phone=&#8221;contain&#8221; background_position_phone=&#8221;top_right&#8221;][et_pb_row use_custom_gutter=&#8221;on&#8221; gutter_width=&#8221;2&#8243; _builder_version=&#8221;4.5.6&#8243; _module_preset=&#8221;default&#8221; max_width=&#8221;1555px&#8221;][et_pb_column type=&#8221;4_4&#8243; _builder_version=&#8221;4.5.6&#8243; _module_preset=&#8221;default&#8221;][et_pb_text _builder_version=&#8221;4.5.6&#8243; _module_preset=&#8221;default&#8221; text_font=&#8221;cream-cake||||||||&#8221; text_text_color=&#8221;#293f35&#8243; text_font_size=&#8221;45px&#8221; header_font_size=&#8221;61px&#8221; width=&#8221;80.2%&#8221; custom_margin=&#8221;||3px|10%|false|false&#8221;] \u00a0Fruta Fresca [\/et_pb_text][et_pb_text _builder_version=&#8221;4.5.6&#8243; _module_preset=&#8221;default&#8221; text_font=&#8221;barlow_regular||||||||&#8221; text_text_color=&#8221;#606060&#8243; text_font_size=&#8221;17px&#8221; text_line_height=&#8221;1.3em&#8221; header_font=&#8221;barlow_mediumitalic||||||||&#8221; header_font_size=&#8221;18px&#8221; header_3_font=&#8221;barlow_mediumitalic||||||||&#8221; header_3_text_color=&#8221;#293f35&#8243; header_3_font_size=&#8221;17px&#8221; header_3_line_height=&#8221;1.2em&#8221; width=&#8221;80.9%&#8221; [&hellip;]<\/p>\n","protected":false},"author":1,"featured_media":0,"parent":0,"menu_order":0,"comment_status":"closed","ping_status":"closed","template":"","meta":{"_et_pb_use_builder":"on","_et_pb_old_content":"","_et_gb_content_width":"","footnotes":""},"class_list":["post-248","page","type-page","status-publish","hentry"],"_links":{"self":[{"href":"https:\/\/agrosaturno.cl\/en\/wp-json\/wp\/v2\/pages\/248","targetHints":{"allow":["GET"]}}],"collection":[{"href":"https:\/\/agrosaturno.cl\/en\/wp-json\/wp\/v2\/pages"}],"about":[{"href":"https:\/\/agrosaturno.cl\/en\/wp-json\/wp\/v2\/types\/page"}],"author":[{"embeddable":true,"href":"https:\/\/agrosaturno.cl\/en\/wp-json\/wp\/v2\/users\/1"}],"replies":[{"embeddable":true,"href":"https:\/\/agrosaturno.cl\/en\/wp-json\/wp\/v2\/comments?post=248"}],"version-history":[{"count":18,"href":"https:\/\/agrosaturno.cl\/en\/wp-json\/wp\/v2\/pages\/248\/revisions"}],"predecessor-version":[{"id":491,"href":"https:\/\/agrosaturno.cl\/en\/wp-json\/wp\/v2\/pages\/248\/revisions\/491"}],"wp:attachment":[{"href":"https:\/\/agrosaturno.cl\/en\/wp-json\/wp\/v2\/media?parent=248"}],"curies":[{"name":"wp","href":"https:\/\/api.w.org\/{rel}","templated":true}]}}